{"id":15,"date":"2023-05-29T12:03:48","date_gmt":"2023-05-29T12:03:48","guid":{"rendered":"https:\/\/k-o-k.dk\/?page_id=15"},"modified":"2023-06-07T22:36:40","modified_gmt":"2023-06-07T21:36:40","slug":"spise-ude","status":"publish","type":"page","link":"https:\/\/k-o-k.dk\/?page_id=15","title":{"rendered":"Spise Ude"},"content":{"rendered":"\n<p>Restaurantbes\u00f8g &#8211; med billeder<\/p>\n\n\n<ul class=\"wp-block-latest-posts__list wp-block-latest-posts\"><li><a class=\"wp-block-latest-posts__post-title\" href=\"https:\/\/k-o-k.dk\/?p=1\">Madrick<\/a><\/li>\n<\/ul>\n\n\n<div class=\"wp-block-group\"><div class=\"wp-block-group__inner-container is-layout-constrained wp-block-group-is-layout-constrained\">\n<div class=\"wp-block-query is-layout-flow wp-block-query-is-layout-flow\"><ul class=\"wp-block-post-template is-layout-flow wp-block-post-template-is-layout-flow\"><li class=\"wp-block-post post-1 post type-post status-publish format-standard has-post-thumbnail hentry category-spise-ude\">\n<h2 class=\"wp-block-post-title\"><a href=\"https:\/\/k-o-k.dk\/?p=1\" target=\"_self\" >Madrick<\/a><\/h2>\n\n<figure class=\"alignwide wp-block-post-featured-image\"><a href=\"https:\/\/k-o-k.dk\/?p=1\" target=\"_self\"  ><img loading=\"lazy\" decoding=\"async\" width=\"2560\" height=\"1280\" src=\"https:\/\/k-o-k.dk\/wp-content\/uploads\/2023\/06\/2020-06-13-20.35.22-scaled.jpg\" class=\"attachment-post-thumbnail size-post-thumbnail wp-post-image\" alt=\"Madrick\" style=\"object-fit:cover;\" srcset=\"https:\/\/k-o-k.dk\/wp-content\/uploads\/2023\/06\/2020-06-13-20.35.22-scaled.jpg 2560w, https:\/\/k-o-k.dk\/wp-content\/uploads\/2023\/06\/2020-06-13-20.35.22-300x150.jpg 300w, https:\/\/k-o-k.dk\/wp-content\/uploads\/2023\/06\/2020-06-13-20.35.22-1024x512.jpg 1024w, https:\/\/k-o-k.dk\/wp-content\/uploads\/2023\/06\/2020-06-13-20.35.22-768x384.jpg 768w, https:\/\/k-o-k.dk\/wp-content\/uploads\/2023\/06\/2020-06-13-20.35.22-1536x768.jpg 1536w, https:\/\/k-o-k.dk\/wp-content\/uploads\/2023\/06\/2020-06-13-20.35.22-2048x1024.jpg 2048w\" sizes=\"auto, (max-width: 2560px) 100vw, 2560px\" \/><\/a><\/figure>\n\n<div class=\"wp-block-post-excerpt\"><p class=\"wp-block-post-excerpt__excerpt\">Stegt lyssej m. Friske krydderurter, sauteret hvide asparges, saltet koldsk\u00e5l og k\u00f8rvel. Rosa oksefilet, bagt og ristet fennikel, bl\u00f8de \u00e6rter m. friske danske \u00e6rter, sp\u00e6de gr\u00f8nne nuancer og kalvesauce Rabarber&#8230; [L\u00e6s videre] <\/p><\/div>\n\n\n<hr class=\"wp-block-separator has-css-opacity\"\/>\n\n\n<div class=\"wp-block-post-date\"><time datetime=\"2023-05-25T11:04:08+01:00\">maj 25, 2023<\/time><\/div>\n<\/li><\/ul><\/div>\n<\/div><\/div>\n","protected":false},"excerpt":{"rendered":"<p>Restaurantbes\u00f8g &#8211; med billeder<\/p>\n","protected":false},"author":1,"featured_media":0,"parent":0,"menu_order":0,"comment_status":"closed","ping_status":"closed","template":"","meta":{"footnotes":""},"class_list":["post-15","page","type-page","status-publish","hentry","no-post-thumbnail"],"_links":{"self":[{"href":"https:\/\/k-o-k.dk\/index.php?rest_route=\/wp\/v2\/pages\/15","targetHints":{"allow":["GET"]}}],"collection":[{"href":"https:\/\/k-o-k.dk\/index.php?rest_route=\/wp\/v2\/pages"}],"about":[{"href":"https:\/\/k-o-k.dk\/index.php?rest_route=\/wp\/v2\/types\/page"}],"author":[{"embeddable":true,"href":"https:\/\/k-o-k.dk\/index.php?rest_route=\/wp\/v2\/users\/1"}],"replies":[{"embeddable":true,"href":"https:\/\/k-o-k.dk\/index.php?rest_route=%2Fwp%2Fv2%2Fcomments&post=15"}],"version-history":[{"count":4,"href":"https:\/\/k-o-k.dk\/index.php?rest_route=\/wp\/v2\/pages\/15\/revisions"}],"predecessor-version":[{"id":28,"href":"https:\/\/k-o-k.dk\/index.php?rest_route=\/wp\/v2\/pages\/15\/revisions\/28"}],"wp:attachment":[{"href":"https:\/\/k-o-k.dk\/index.php?rest_route=%2Fwp%2Fv2%2Fmedia&parent=15"}],"curies":[{"name":"wp","href":"https:\/\/api.w.org\/{rel}","templated":true}]}}