{"id":2,"date":"2023-05-25T11:04:08","date_gmt":"2023-05-25T11:04:08","guid":{"rendered":"https:\/\/k-o-k.dk\/?page_id=2"},"modified":"2023-05-29T11:57:30","modified_gmt":"2023-05-29T11:57:30","slug":"sample-page","status":"publish","type":"page","link":"https:\/\/k-o-k.dk\/?page_id=2","title":{"rendered":"Om os"},"content":{"rendered":"\n<p>Vi er et par mad- og livs-glade tosser, der har kendt hinanden siden 2016. P\u00e5 denne blog deler vi vores madoplevelser, b\u00e5de dem vi selv kreerer og dem vi oplever ude i byen. Bloggen er mest for at vi selv kan huske de gode oplevelser, men er der noget der kan inspirere andre, s\u00e5 tager vi det med.<\/p>\n\n\n\n<p>Rikkes passion er kager og bagv\u00e6rk, Jacob er gammel kok (siden IT n\u00f8rd), og sammen s\u00e6tter vi pris p\u00e5 at maden b\u00e5de skal v\u00e6re nydelse for \u00f8jet og ganen.<\/p>\n\n\n\n<figure class=\"wp-block-image size-large\"><img loading=\"lazy\" decoding=\"async\" width=\"1024\" height=\"812\" src=\"https:\/\/k-o-k.dk\/wp-content\/uploads\/2023\/05\/Jacob-Rikke-1024x812.jpg\" alt=\"Rikke og Jacob\" class=\"wp-image-13\" srcset=\"https:\/\/k-o-k.dk\/wp-content\/uploads\/2023\/05\/Jacob-Rikke-1024x812.jpg 1024w, https:\/\/k-o-k.dk\/wp-content\/uploads\/2023\/05\/Jacob-Rikke-300x238.jpg 300w, https:\/\/k-o-k.dk\/wp-content\/uploads\/2023\/05\/Jacob-Rikke-768x609.jpg 768w, https:\/\/k-o-k.dk\/wp-content\/uploads\/2023\/05\/Jacob-Rikke-1536x1219.jpg 1536w, https:\/\/k-o-k.dk\/wp-content\/uploads\/2023\/05\/Jacob-Rikke-2048x1625.jpg 2048w\" sizes=\"auto, (max-width: 1024px) 100vw, 1024px\" \/><figcaption class=\"wp-element-caption\">Kokken og K\u00e6resten<\/figcaption><\/figure>\n","protected":false},"excerpt":{"rendered":"<p>Vi er et par mad- og livs-glade tosser, der har kendt hinanden siden 2016. P\u00e5 denne blog deler vi vores madoplevelser, b\u00e5de dem vi selv kreerer og dem vi oplever&#8230; <a class=\"read-more\" href=\"https:\/\/k-o-k.dk\/?page_id=2\">[L\u00e6s videre]<\/a><\/p>\n","protected":false},"author":1,"featured_media":0,"parent":0,"menu_order":0,"comment_status":"closed","ping_status":"open","template":"","meta":{"footnotes":""},"class_list":["post-2","page","type-page","status-publish","hentry","no-post-thumbnail"],"_links":{"self":[{"href":"https:\/\/k-o-k.dk\/index.php?rest_route=\/wp\/v2\/pages\/2","targetHints":{"allow":["GET"]}}],"collection":[{"href":"https:\/\/k-o-k.dk\/index.php?rest_route=\/wp\/v2\/pages"}],"about":[{"href":"https:\/\/k-o-k.dk\/index.php?rest_route=\/wp\/v2\/types\/page"}],"author":[{"embeddable":true,"href":"https:\/\/k-o-k.dk\/index.php?rest_route=\/wp\/v2\/users\/1"}],"replies":[{"embeddable":true,"href":"https:\/\/k-o-k.dk\/index.php?rest_route=%2Fwp%2Fv2%2Fcomments&post=2"}],"version-history":[{"count":4,"href":"https:\/\/k-o-k.dk\/index.php?rest_route=\/wp\/v2\/pages\/2\/revisions"}],"predecessor-version":[{"id":14,"href":"https:\/\/k-o-k.dk\/index.php?rest_route=\/wp\/v2\/pages\/2\/revisions\/14"}],"wp:attachment":[{"href":"https:\/\/k-o-k.dk\/index.php?rest_route=%2Fwp%2Fv2%2Fmedia&parent=2"}],"curies":[{"name":"wp","href":"https:\/\/api.w.org\/{rel}","templated":true}]}}